{"id":7437,"date":"2024-03-20T09:08:45","date_gmt":"2024-03-20T07:08:45","guid":{"rendered":"https:\/\/wameleon.com\/?post_type=product&#038;p=7437"},"modified":"2026-03-16T14:20:18","modified_gmt":"2026-03-16T12:20:18","slug":"taxa-participare-eveniment","status":"publish","type":"product","link":"https:\/\/wameleon.com\/ro\/product\/taxa-participare-eveniment\/","title":{"rendered":"Taxa participare eveniment &#8211; Ember a c\u00e9g m\u00f6g\u00f6tt"},"content":{"rendered":"","protected":false},"excerpt":{"rendered":"","protected":false},"featured_media":0,"template":"","meta":[],"product_brand":[],"product_cat":[34],"product_tag":[],"class_list":{"0":"post-7437","1":"product","2":"type-product","3":"status-publish","5":"product_cat-uncategorized","7":"first","8":"instock","9":"virtual","10":"taxable","11":"purchasable","12":"product-type-simple"},"yoast_head":"<!-- This site is optimized with the Yoast SEO plugin v27.3 - https:\/\/yoast.com\/product\/yoast-seo-wordpress\/ -->\n<title>Taxa participare eveniment - Ember a c\u00e9g m\u00f6g\u00f6tt &#8226; Wameleon Design<\/title>\n<meta name=\"robots\" content=\"index, follow, max-snippet:-1, max-image-preview:large, max-video-preview:-1\" \/>\n<link rel=\"canonical\" href=\"https:\/\/wameleon.com\/ro\/product\/taxa-participare-eveniment\/\" \/>\n<meta property=\"og:locale\" content=\"ro_RO\" \/>\n<meta property=\"og:type\" content=\"article\" \/>\n<meta property=\"og:title\" content=\"Taxa participare eveniment - Ember a c\u00e9g m\u00f6g\u00f6tt &#8226; Wameleon Design\" \/>\n<meta property=\"og:url\" content=\"https:\/\/wameleon.com\/ro\/product\/taxa-participare-eveniment\/\" \/>\n<meta property=\"og:site_name\" content=\"Wameleon Design\" \/>\n<meta property=\"article:publisher\" content=\"https:\/\/facebook.com\/wameleondesign\" \/>\n<meta property=\"article:modified_time\" content=\"2026-03-16T12:20:18+00:00\" \/>\n<meta property=\"og:image\" content=\"https:\/\/wameleon.com\/wp-content\/uploads\/2019\/06\/Screenshot_7.png\" \/>\n\t<meta property=\"og:image:width\" content=\"911\" \/>\n\t<meta property=\"og:image:height\" content=\"553\" \/>\n\t<meta property=\"og:image:type\" content=\"image\/png\" \/>\n<meta name=\"twitter:card\" content=\"summary_large_image\" \/>\n<script type=\"application\/ld+json\" class=\"yoast-schema-graph\">{\"@context\":\"https:\\\/\\\/schema.org\",\"@graph\":[{\"@type\":[\"WebPage\",\"ItemPage\"],\"@id\":\"https:\\\/\\\/wameleon.com\\\/product\\\/taxa-participare-eveniment\\\/\",\"url\":\"https:\\\/\\\/wameleon.com\\\/product\\\/taxa-participare-eveniment\\\/\",\"name\":\"Taxa participare eveniment - Ember a c\u00e9g m\u00f6g\u00f6tt &#8226; Wameleon Design\",\"isPartOf\":{\"@id\":\"https:\\\/\\\/wameleon.com\\\/#website\"},\"datePublished\":\"2024-03-20T07:08:45+00:00\",\"dateModified\":\"2026-03-16T12:20:18+00:00\",\"breadcrumb\":{\"@id\":\"https:\\\/\\\/wameleon.com\\\/product\\\/taxa-participare-eveniment\\\/#breadcrumb\"},\"inLanguage\":\"ro-RO\",\"potentialAction\":[{\"@type\":\"ReadAction\",\"target\":[\"https:\\\/\\\/wameleon.com\\\/product\\\/taxa-participare-eveniment\\\/\"]}]},{\"@type\":\"BreadcrumbList\",\"@id\":\"https:\\\/\\\/wameleon.com\\\/product\\\/taxa-participare-eveniment\\\/#breadcrumb\",\"itemListElement\":[{\"@type\":\"ListItem\",\"position\":1,\"name\":\"Home\",\"item\":\"https:\\\/\\\/wameleon.com\\\/\"},{\"@type\":\"ListItem\",\"position\":2,\"name\":\"Shop\",\"item\":\"https:\\\/\\\/wameleon.com\\\/shop\\\/\"},{\"@type\":\"ListItem\",\"position\":3,\"name\":\"Taxa participare eveniment &#8211; Ember a c\u00e9g m\u00f6g\u00f6tt\"}]},{\"@type\":\"WebSite\",\"@id\":\"https:\\\/\\\/wameleon.com\\\/#website\",\"url\":\"https:\\\/\\\/wameleon.com\\\/\",\"name\":\"Wameleon Design\",\"description\":\"kezd\u0151- \u00e9s kisv\u00e1llalkoz\u00e1sok design partnere\",\"publisher\":{\"@id\":\"https:\\\/\\\/wameleon.com\\\/#organization\"},\"alternateName\":\"Wameleon\",\"potentialAction\":[{\"@type\":\"SearchAction\",\"target\":{\"@type\":\"EntryPoint\",\"urlTemplate\":\"https:\\\/\\\/wameleon.com\\\/?s={search_term_string}\"},\"query-input\":{\"@type\":\"PropertyValueSpecification\",\"valueRequired\":true,\"valueName\":\"search_term_string\"}}],\"inLanguage\":\"ro-RO\"},{\"@type\":\"Organization\",\"@id\":\"https:\\\/\\\/wameleon.com\\\/#organization\",\"name\":\"Wameleon Design\",\"alternateName\":\"Wameleon\",\"url\":\"https:\\\/\\\/wameleon.com\\\/\",\"logo\":{\"@type\":\"ImageObject\",\"inLanguage\":\"ro-RO\",\"@id\":\"https:\\\/\\\/wameleon.com\\\/#\\\/schema\\\/logo\\\/image\\\/\",\"url\":\"https:\\\/\\\/wameleon.com\\\/wp-content\\\/uploads\\\/2019\\\/04\\\/wameleon-black-logo.png\",\"contentUrl\":\"https:\\\/\\\/wameleon.com\\\/wp-content\\\/uploads\\\/2019\\\/04\\\/wameleon-black-logo.png\",\"width\":200,\"height\":58,\"caption\":\"Wameleon Design\"},\"image\":{\"@id\":\"https:\\\/\\\/wameleon.com\\\/#\\\/schema\\\/logo\\\/image\\\/\"},\"sameAs\":[\"https:\\\/\\\/facebook.com\\\/wameleondesign\",\"https:\\\/\\\/instagram.com\\\/wameleondesign\",\"https:\\\/\\\/www.youtube.com\\\/channel\\\/UCnzXT-F3GGCUciLCffEdXRA?view_as=subscriber\"]}]}<\/script>\n<!-- \/ Yoast SEO plugin. -->","yoast_head_json":{"title":"Taxa participare eveniment - Ember a c\u00e9g m\u00f6g\u00f6tt &#8226; Wameleon Design","robots":{"index":"index","follow":"follow","max-snippet":"max-snippet:-1","max-image-preview":"max-image-preview:large","max-video-preview":"max-video-preview:-1"},"canonical":"https:\/\/wameleon.com\/ro\/product\/taxa-participare-eveniment\/","og_locale":"ro_RO","og_type":"article","og_title":"Taxa participare eveniment - Ember a c\u00e9g m\u00f6g\u00f6tt &#8226; Wameleon Design","og_url":"https:\/\/wameleon.com\/ro\/product\/taxa-participare-eveniment\/","og_site_name":"Wameleon Design","article_publisher":"https:\/\/facebook.com\/wameleondesign","article_modified_time":"2026-03-16T12:20:18+00:00","og_image":[{"width":911,"height":553,"url":"https:\/\/wameleon.com\/wp-content\/uploads\/2019\/06\/Screenshot_7.png","type":"image\/png"}],"twitter_card":"summary_large_image","schema":{"@context":"https:\/\/schema.org","@graph":[{"@type":["WebPage","ItemPage"],"@id":"https:\/\/wameleon.com\/product\/taxa-participare-eveniment\/","url":"https:\/\/wameleon.com\/product\/taxa-participare-eveniment\/","name":"Taxa participare eveniment - Ember a c\u00e9g m\u00f6g\u00f6tt &#8226; Wameleon Design","isPartOf":{"@id":"https:\/\/wameleon.com\/#website"},"datePublished":"2024-03-20T07:08:45+00:00","dateModified":"2026-03-16T12:20:18+00:00","breadcrumb":{"@id":"https:\/\/wameleon.com\/product\/taxa-participare-eveniment\/#breadcrumb"},"inLanguage":"ro-RO","potentialAction":[{"@type":"ReadAction","target":["https:\/\/wameleon.com\/product\/taxa-participare-eveniment\/"]}]},{"@type":"BreadcrumbList","@id":"https:\/\/wameleon.com\/product\/taxa-participare-eveniment\/#breadcrumb","itemListElement":[{"@type":"ListItem","position":1,"name":"Home","item":"https:\/\/wameleon.com\/"},{"@type":"ListItem","position":2,"name":"Shop","item":"https:\/\/wameleon.com\/shop\/"},{"@type":"ListItem","position":3,"name":"Taxa participare eveniment &#8211; Ember a c\u00e9g m\u00f6g\u00f6tt"}]},{"@type":"WebSite","@id":"https:\/\/wameleon.com\/#website","url":"https:\/\/wameleon.com\/","name":"Wameleon Design","description":"kezd\u0151- \u00e9s kisv\u00e1llalkoz\u00e1sok design partnere","publisher":{"@id":"https:\/\/wameleon.com\/#organization"},"alternateName":"Wameleon","potentialAction":[{"@type":"SearchAction","target":{"@type":"EntryPoint","urlTemplate":"https:\/\/wameleon.com\/?s={search_term_string}"},"query-input":{"@type":"PropertyValueSpecification","valueRequired":true,"valueName":"search_term_string"}}],"inLanguage":"ro-RO"},{"@type":"Organization","@id":"https:\/\/wameleon.com\/#organization","name":"Wameleon Design","alternateName":"Wameleon","url":"https:\/\/wameleon.com\/","logo":{"@type":"ImageObject","inLanguage":"ro-RO","@id":"https:\/\/wameleon.com\/#\/schema\/logo\/image\/","url":"https:\/\/wameleon.com\/wp-content\/uploads\/2019\/04\/wameleon-black-logo.png","contentUrl":"https:\/\/wameleon.com\/wp-content\/uploads\/2019\/04\/wameleon-black-logo.png","width":200,"height":58,"caption":"Wameleon Design"},"image":{"@id":"https:\/\/wameleon.com\/#\/schema\/logo\/image\/"},"sameAs":["https:\/\/facebook.com\/wameleondesign","https:\/\/instagram.com\/wameleondesign","https:\/\/www.youtube.com\/channel\/UCnzXT-F3GGCUciLCffEdXRA?view_as=subscriber"]}]}},"tiered_pricing_type":"fixed","tiered_pricing_fixed_rules":[],"tiered_pricing_product_settings":{"layout":"default","base_unit_name":{"singular":null,"plural":null},"default_variation":null},"tiered_pricing_minimum_quantity":null,"tiered_pricing_roles_data":[],"tiered_pricing_percentage_rules":[],"_links":{"self":[{"href":"https:\/\/wameleon.com\/ro\/wp-json\/wp\/v2\/product\/7437","targetHints":{"allow":["GET"]}}],"collection":[{"href":"https:\/\/wameleon.com\/ro\/wp-json\/wp\/v2\/product"}],"about":[{"href":"https:\/\/wameleon.com\/ro\/wp-json\/wp\/v2\/types\/product"}],"wp:attachment":[{"href":"https:\/\/wameleon.com\/ro\/wp-json\/wp\/v2\/media?parent=7437"}],"wp:term":[{"taxonomy":"product_brand","embeddable":true,"href":"https:\/\/wameleon.com\/ro\/wp-json\/wp\/v2\/product_brand?post=7437"},{"taxonomy":"product_cat","embeddable":true,"href":"https:\/\/wameleon.com\/ro\/wp-json\/wp\/v2\/product_cat?post=7437"},{"taxonomy":"product_tag","embeddable":true,"href":"https:\/\/wameleon.com\/ro\/wp-json\/wp\/v2\/product_tag?post=7437"}],"curies":[{"name":"wp","href":"https:\/\/api.w.org\/{rel}","templated":true}]}}