{"id":5338,"date":"2023-10-11T11:30:24","date_gmt":"2023-10-11T08:30:24","guid":{"rendered":"https:\/\/wameleon.com\/?post_type=product&#038;p=5338"},"modified":"2024-04-08T14:50:28","modified_gmt":"2024-04-08T11:50:28","slug":"neked-konnyu-epub","status":"publish","type":"product","link":"https:\/\/wameleon.com\/ro\/product\/neked-konnyu-epub\/","title":{"rendered":"Neked konnyu EPUB"},"content":{"rendered":"<p>Unod m\u00e1r a sok t\u00f6m\u00f6r szakmai irodalmat? F\u00e1raszt a sok komoly \u00fczleti k\u00f6nyv, aminek olvas\u00e1sa k\u00f6zben k\u00ednszenved\u00e9s minden perc sz\u00e1modra \u00e9s alig v\u00e1rod, hogy m\u00e1r a v\u00e9g\u00e9re \u00e9rj? Akkor nem vagy egyed\u00fcl!<\/p>\n<p>Biztos vagyok benne, hogy hallottad ezt a mondatot: \u201e\u00d3, neked k\u00f6nny\u0171, mert c\u00e9ged van!\u201d Ha nincs v\u00e1llalkoz\u00e1sod, te is ezt gondolod, de ha v\u00e1llalkoz\u00e1sod van, akkor ut\u00e1lod, amikor ezt v\u00e1gj\u00e1k a fejedhez.<br \/>\nSokan a c\u00e9gtulajdonosi l\u00e9tet \u00fagy k\u00e9pzelik el, hogy m\u00edg \u0151k h\u00e1trad\u0151lnek, a munk\u00e1saik hajtj\u00e1k a szekeret \u00e9s csak \u00fagy mag\u00e1t\u00f3l d\u0151l a l\u00e9. Min\u00e9l kev\u00e9sb\u00e9 l\u00e1tsz bele, ann\u00e1l k\u00f6nnyebbnek n\u00e9z ki. Legt\u00f6bben a j\u00e9ghegy cs\u00facs\u00e1t \u00e9szlelik, de azt nem, hogy mi mindent \u201esz*pott\u201d v\u00e9gig az a tulajdonos, akinek \u201ek\u00f6nny\u0171, mert c\u00e9ge van\u201d.<\/p>\n<p>Ez a k\u00f6nyv, r\u00e9szben az \u00e9n kudarct\u00f6rt\u00e9netem, hogy hogyan v\u00e1ltam kisv\u00e1rosi \u00e1tlagk\u00f6ly\u00f6kb\u0151l v\u00e1llalkoz\u00f3.<br \/>\nA k\u00f6nyv folytat\u00e1s\u00e1ban pedig elmes\u00e9lem azt, hogy mi az, amit sokan rosszul hisz\u00fcnk \u00e9s mi az, amit m\u00e1sk\u00e9pp kellene csin\u00e1lni. Szerintem.<\/p>","protected":false},"excerpt":{"rendered":"<p>Unod m\u00e1r a sok t\u00f6m\u00f6r szakmai irodalmat? F\u00e1raszt a sok komoly \u00fczleti k\u00f6nyv, aminek olvas\u00e1sa k\u00f6zben k\u00ednszenved\u00e9s minden perc sz\u00e1modra \u00e9s alig v\u00e1rod, hogy m\u00e1r a v\u00e9g\u00e9re \u00e9rj? Akkor nem vagy egyed\u00fcl! Biztos vagyok benne, hogy hallottad ezt a mondatot: \u201e\u00d3, neked k\u00f6nny\u0171, mert c\u00e9ged van!\u201d Ha nincs v\u00e1llalkoz\u00e1sod, te is ezt gondolod, de ha [&hellip;]<\/p>\n","protected":false},"featured_media":1261,"template":"","meta":[],"product_brand":[],"product_cat":[35],"product_tag":[],"class_list":{"0":"post-5338","1":"product","2":"type-product","3":"status-publish","4":"has-post-thumbnail","6":"product_cat-konyv","8":"first","9":"instock","10":"downloadable","11":"virtual","12":"taxable","13":"purchasable","14":"product-type-simple"},"yoast_head":"<!-- This site is optimized with the Yoast SEO plugin v27.3 - https:\/\/yoast.com\/product\/yoast-seo-wordpress\/ -->\n<title>Neked konnyu EPUB &#8226; Wameleon Design<\/title>\n<meta name=\"robots\" content=\"index, follow, max-snippet:-1, max-image-preview:large, max-video-preview:-1\" \/>\n<link rel=\"canonical\" href=\"https:\/\/wameleon.com\/ro\/product\/neked-konnyu-epub\/\" \/>\n<meta property=\"og:locale\" content=\"ro_RO\" \/>\n<meta property=\"og:type\" content=\"article\" \/>\n<meta property=\"og:title\" content=\"Neked konnyu EPUB &#8226; Wameleon Design\" \/>\n<meta property=\"og:description\" content=\"Unod m\u00e1r a sok t\u00f6m\u00f6r szakmai irodalmat? F\u00e1raszt a sok komoly \u00fczleti k\u00f6nyv, aminek olvas\u00e1sa k\u00f6zben k\u00ednszenved\u00e9s minden perc sz\u00e1modra \u00e9s alig v\u00e1rod, hogy m\u00e1r a v\u00e9g\u00e9re \u00e9rj? Akkor nem vagy egyed\u00fcl! Biztos vagyok benne, hogy hallottad ezt a mondatot: \u201e\u00d3, neked k\u00f6nny\u0171, mert c\u00e9ged van!\u201d Ha nincs v\u00e1llalkoz\u00e1sod, te is ezt gondolod, de ha [&hellip;]\" \/>\n<meta property=\"og:url\" content=\"https:\/\/wameleon.com\/ro\/product\/neked-konnyu-epub\/\" \/>\n<meta property=\"og:site_name\" content=\"Wameleon Design\" \/>\n<meta property=\"article:publisher\" content=\"https:\/\/facebook.com\/wameleondesign\" \/>\n<meta property=\"article:modified_time\" content=\"2024-04-08T11:50:28+00:00\" \/>\n<meta property=\"og:image\" content=\"https:\/\/wameleon.com\/wp-content\/uploads\/konyv-mockup-dark.jpg\" \/>\n\t<meta property=\"og:image:width\" content=\"1000\" \/>\n\t<meta property=\"og:image:height\" content=\"1000\" \/>\n\t<meta property=\"og:image:type\" content=\"image\/jpeg\" \/>\n<meta name=\"twitter:card\" content=\"summary_large_image\" \/>\n<meta name=\"twitter:label1\" content=\"Timp estimat pentru citire\" \/>\n\t<meta name=\"twitter:data1\" content=\"2 minute\" \/>\n<script type=\"application\/ld+json\" class=\"yoast-schema-graph\">{\"@context\":\"https:\\\/\\\/schema.org\",\"@graph\":[{\"@type\":[\"WebPage\",\"ItemPage\"],\"@id\":\"https:\\\/\\\/wameleon.com\\\/product\\\/neked-konnyu-epub\\\/\",\"url\":\"https:\\\/\\\/wameleon.com\\\/product\\\/neked-konnyu-epub\\\/\",\"name\":\"Neked konnyu EPUB &#8226; Wameleon Design\",\"isPartOf\":{\"@id\":\"https:\\\/\\\/wameleon.com\\\/#website\"},\"primaryImageOfPage\":{\"@id\":\"https:\\\/\\\/wameleon.com\\\/product\\\/neked-konnyu-epub\\\/#primaryimage\"},\"image\":{\"@id\":\"https:\\\/\\\/wameleon.com\\\/product\\\/neked-konnyu-epub\\\/#primaryimage\"},\"thumbnailUrl\":\"https:\\\/\\\/wameleon.com\\\/wp-content\\\/uploads\\\/konyv-mockup-dark.jpg\",\"datePublished\":\"2023-10-11T08:30:24+00:00\",\"dateModified\":\"2024-04-08T11:50:28+00:00\",\"breadcrumb\":{\"@id\":\"https:\\\/\\\/wameleon.com\\\/product\\\/neked-konnyu-epub\\\/#breadcrumb\"},\"inLanguage\":\"ro-RO\",\"potentialAction\":[{\"@type\":\"ReadAction\",\"target\":[\"https:\\\/\\\/wameleon.com\\\/product\\\/neked-konnyu-epub\\\/\"]}]},{\"@type\":\"ImageObject\",\"inLanguage\":\"ro-RO\",\"@id\":\"https:\\\/\\\/wameleon.com\\\/product\\\/neked-konnyu-epub\\\/#primaryimage\",\"url\":\"https:\\\/\\\/wameleon.com\\\/wp-content\\\/uploads\\\/konyv-mockup-dark.jpg\",\"contentUrl\":\"https:\\\/\\\/wameleon.com\\\/wp-content\\\/uploads\\\/konyv-mockup-dark.jpg\",\"width\":1000,\"height\":1000,\"caption\":\"konyv\"},{\"@type\":\"BreadcrumbList\",\"@id\":\"https:\\\/\\\/wameleon.com\\\/product\\\/neked-konnyu-epub\\\/#breadcrumb\",\"itemListElement\":[{\"@type\":\"ListItem\",\"position\":1,\"name\":\"Home\",\"item\":\"https:\\\/\\\/wameleon.com\\\/\"},{\"@type\":\"ListItem\",\"position\":2,\"name\":\"Shop\",\"item\":\"https:\\\/\\\/wameleon.com\\\/shop\\\/\"},{\"@type\":\"ListItem\",\"position\":3,\"name\":\"Neked konnyu EPUB\"}]},{\"@type\":\"WebSite\",\"@id\":\"https:\\\/\\\/wameleon.com\\\/#website\",\"url\":\"https:\\\/\\\/wameleon.com\\\/\",\"name\":\"Wameleon Design\",\"description\":\"kezd\u0151- \u00e9s kisv\u00e1llalkoz\u00e1sok design partnere\",\"publisher\":{\"@id\":\"https:\\\/\\\/wameleon.com\\\/#organization\"},\"alternateName\":\"Wameleon\",\"potentialAction\":[{\"@type\":\"SearchAction\",\"target\":{\"@type\":\"EntryPoint\",\"urlTemplate\":\"https:\\\/\\\/wameleon.com\\\/?s={search_term_string}\"},\"query-input\":{\"@type\":\"PropertyValueSpecification\",\"valueRequired\":true,\"valueName\":\"search_term_string\"}}],\"inLanguage\":\"ro-RO\"},{\"@type\":\"Organization\",\"@id\":\"https:\\\/\\\/wameleon.com\\\/#organization\",\"name\":\"Wameleon Design\",\"alternateName\":\"Wameleon\",\"url\":\"https:\\\/\\\/wameleon.com\\\/\",\"logo\":{\"@type\":\"ImageObject\",\"inLanguage\":\"ro-RO\",\"@id\":\"https:\\\/\\\/wameleon.com\\\/#\\\/schema\\\/logo\\\/image\\\/\",\"url\":\"https:\\\/\\\/wameleon.com\\\/wp-content\\\/uploads\\\/2019\\\/04\\\/wameleon-black-logo.png\",\"contentUrl\":\"https:\\\/\\\/wameleon.com\\\/wp-content\\\/uploads\\\/2019\\\/04\\\/wameleon-black-logo.png\",\"width\":200,\"height\":58,\"caption\":\"Wameleon Design\"},\"image\":{\"@id\":\"https:\\\/\\\/wameleon.com\\\/#\\\/schema\\\/logo\\\/image\\\/\"},\"sameAs\":[\"https:\\\/\\\/facebook.com\\\/wameleondesign\",\"https:\\\/\\\/instagram.com\\\/wameleondesign\",\"https:\\\/\\\/www.youtube.com\\\/channel\\\/UCnzXT-F3GGCUciLCffEdXRA?view_as=subscriber\"]}]}<\/script>\n<!-- \/ Yoast SEO plugin. -->","yoast_head_json":{"title":"Neked konnyu EPUB &#8226; Wameleon Design","robots":{"index":"index","follow":"follow","max-snippet":"max-snippet:-1","max-image-preview":"max-image-preview:large","max-video-preview":"max-video-preview:-1"},"canonical":"https:\/\/wameleon.com\/ro\/product\/neked-konnyu-epub\/","og_locale":"ro_RO","og_type":"article","og_title":"Neked konnyu EPUB &#8226; Wameleon Design","og_description":"Unod m\u00e1r a sok t\u00f6m\u00f6r szakmai irodalmat? F\u00e1raszt a sok komoly \u00fczleti k\u00f6nyv, aminek olvas\u00e1sa k\u00f6zben k\u00ednszenved\u00e9s minden perc sz\u00e1modra \u00e9s alig v\u00e1rod, hogy m\u00e1r a v\u00e9g\u00e9re \u00e9rj? Akkor nem vagy egyed\u00fcl! Biztos vagyok benne, hogy hallottad ezt a mondatot: \u201e\u00d3, neked k\u00f6nny\u0171, mert c\u00e9ged van!\u201d Ha nincs v\u00e1llalkoz\u00e1sod, te is ezt gondolod, de ha [&hellip;]","og_url":"https:\/\/wameleon.com\/ro\/product\/neked-konnyu-epub\/","og_site_name":"Wameleon Design","article_publisher":"https:\/\/facebook.com\/wameleondesign","article_modified_time":"2024-04-08T11:50:28+00:00","og_image":[{"width":1000,"height":1000,"url":"https:\/\/wameleon.com\/wp-content\/uploads\/konyv-mockup-dark.jpg","type":"image\/jpeg"}],"twitter_card":"summary_large_image","twitter_misc":{"Timp estimat pentru citire":"2 minute"},"schema":{"@context":"https:\/\/schema.org","@graph":[{"@type":["WebPage","ItemPage"],"@id":"https:\/\/wameleon.com\/product\/neked-konnyu-epub\/","url":"https:\/\/wameleon.com\/product\/neked-konnyu-epub\/","name":"Neked konnyu EPUB &#8226; Wameleon Design","isPartOf":{"@id":"https:\/\/wameleon.com\/#website"},"primaryImageOfPage":{"@id":"https:\/\/wameleon.com\/product\/neked-konnyu-epub\/#primaryimage"},"image":{"@id":"https:\/\/wameleon.com\/product\/neked-konnyu-epub\/#primaryimage"},"thumbnailUrl":"https:\/\/wameleon.com\/wp-content\/uploads\/konyv-mockup-dark.jpg","datePublished":"2023-10-11T08:30:24+00:00","dateModified":"2024-04-08T11:50:28+00:00","breadcrumb":{"@id":"https:\/\/wameleon.com\/product\/neked-konnyu-epub\/#breadcrumb"},"inLanguage":"ro-RO","potentialAction":[{"@type":"ReadAction","target":["https:\/\/wameleon.com\/product\/neked-konnyu-epub\/"]}]},{"@type":"ImageObject","inLanguage":"ro-RO","@id":"https:\/\/wameleon.com\/product\/neked-konnyu-epub\/#primaryimage","url":"https:\/\/wameleon.com\/wp-content\/uploads\/konyv-mockup-dark.jpg","contentUrl":"https:\/\/wameleon.com\/wp-content\/uploads\/konyv-mockup-dark.jpg","width":1000,"height":1000,"caption":"konyv"},{"@type":"BreadcrumbList","@id":"https:\/\/wameleon.com\/product\/neked-konnyu-epub\/#breadcrumb","itemListElement":[{"@type":"ListItem","position":1,"name":"Home","item":"https:\/\/wameleon.com\/"},{"@type":"ListItem","position":2,"name":"Shop","item":"https:\/\/wameleon.com\/shop\/"},{"@type":"ListItem","position":3,"name":"Neked konnyu EPUB"}]},{"@type":"WebSite","@id":"https:\/\/wameleon.com\/#website","url":"https:\/\/wameleon.com\/","name":"Wameleon Design","description":"kezd\u0151- \u00e9s kisv\u00e1llalkoz\u00e1sok design partnere","publisher":{"@id":"https:\/\/wameleon.com\/#organization"},"alternateName":"Wameleon","potentialAction":[{"@type":"SearchAction","target":{"@type":"EntryPoint","urlTemplate":"https:\/\/wameleon.com\/?s={search_term_string}"},"query-input":{"@type":"PropertyValueSpecification","valueRequired":true,"valueName":"search_term_string"}}],"inLanguage":"ro-RO"},{"@type":"Organization","@id":"https:\/\/wameleon.com\/#organization","name":"Wameleon Design","alternateName":"Wameleon","url":"https:\/\/wameleon.com\/","logo":{"@type":"ImageObject","inLanguage":"ro-RO","@id":"https:\/\/wameleon.com\/#\/schema\/logo\/image\/","url":"https:\/\/wameleon.com\/wp-content\/uploads\/2019\/04\/wameleon-black-logo.png","contentUrl":"https:\/\/wameleon.com\/wp-content\/uploads\/2019\/04\/wameleon-black-logo.png","width":200,"height":58,"caption":"Wameleon Design"},"image":{"@id":"https:\/\/wameleon.com\/#\/schema\/logo\/image\/"},"sameAs":["https:\/\/facebook.com\/wameleondesign","https:\/\/instagram.com\/wameleondesign","https:\/\/www.youtube.com\/channel\/UCnzXT-F3GGCUciLCffEdXRA?view_as=subscriber"]}]}},"tiered_pricing_type":"fixed","tiered_pricing_fixed_rules":[],"tiered_pricing_product_settings":{"layout":"default","base_unit_name":{"singular":null,"plural":null},"default_variation":null},"tiered_pricing_minimum_quantity":null,"tiered_pricing_roles_data":[],"tiered_pricing_percentage_rules":[],"_links":{"self":[{"href":"https:\/\/wameleon.com\/ro\/wp-json\/wp\/v2\/product\/5338","targetHints":{"allow":["GET"]}}],"collection":[{"href":"https:\/\/wameleon.com\/ro\/wp-json\/wp\/v2\/product"}],"about":[{"href":"https:\/\/wameleon.com\/ro\/wp-json\/wp\/v2\/types\/product"}],"wp:featuredmedia":[{"embeddable":true,"href":"https:\/\/wameleon.com\/ro\/wp-json\/wp\/v2\/media\/1261"}],"wp:attachment":[{"href":"https:\/\/wameleon.com\/ro\/wp-json\/wp\/v2\/media?parent=5338"}],"wp:term":[{"taxonomy":"product_brand","embeddable":true,"href":"https:\/\/wameleon.com\/ro\/wp-json\/wp\/v2\/product_brand?post=5338"},{"taxonomy":"product_cat","embeddable":true,"href":"https:\/\/wameleon.com\/ro\/wp-json\/wp\/v2\/product_cat?post=5338"},{"taxonomy":"product_tag","embeddable":true,"href":"https:\/\/wameleon.com\/ro\/wp-json\/wp\/v2\/product_tag?post=5338"}],"curies":[{"name":"wp","href":"https:\/\/api.w.org\/{rel}","templated":true}]}}