{"id":1242,"date":"2020-07-27T11:28:09","date_gmt":"2020-07-27T08:28:09","guid":{"rendered":"https:\/\/wameleon.com\/cart\/"},"modified":"2024-05-30T09:44:33","modified_gmt":"2024-05-30T06:44:33","slug":"cart","status":"publish","type":"page","link":"https:\/\/wameleon.com\/ro\/cart\/","title":{"rendered":"Cart"},"content":{"rendered":"","protected":false},"excerpt":{"rendered":"","protected":false},"author":1,"featured_media":0,"parent":0,"menu_order":0,"comment_status":"closed","ping_status":"closed","template":"","meta":{"footnotes":""},"class_list":["post-1242","page","type-page","status-publish","hentry"],"yoast_head":"<!-- This site is optimized with the Yoast SEO plugin v27.3 - https:\/\/yoast.com\/product\/yoast-seo-wordpress\/ -->\n<title>Cart &#8226; Wameleon Design<\/title>\n<meta name=\"robots\" content=\"index, follow, max-snippet:-1, max-image-preview:large, max-video-preview:-1\" \/>\n<link rel=\"canonical\" href=\"https:\/\/wameleon.com\/ro\/cart\/\" \/>\n<meta property=\"og:locale\" content=\"ro_RO\" \/>\n<meta property=\"og:type\" content=\"article\" \/>\n<meta property=\"og:title\" content=\"Cart &#8226; Wameleon Design\" \/>\n<meta property=\"og:url\" content=\"https:\/\/wameleon.com\/ro\/cart\/\" \/>\n<meta property=\"og:site_name\" content=\"Wameleon Design\" \/>\n<meta property=\"article:publisher\" content=\"https:\/\/facebook.com\/wameleondesign\" \/>\n<meta property=\"article:modified_time\" content=\"2024-05-30T06:44:33+00:00\" \/>\n<meta property=\"og:image\" content=\"https:\/\/wameleon.com\/wp-content\/uploads\/2019\/06\/Screenshot_7.png\" \/>\n\t<meta property=\"og:image:width\" content=\"911\" \/>\n\t<meta property=\"og:image:height\" content=\"553\" \/>\n\t<meta property=\"og:image:type\" content=\"image\/png\" \/>\n<meta name=\"twitter:card\" content=\"summary_large_image\" \/>\n<meta name=\"twitter:label1\" content=\"Timp estimat pentru citire\" \/>\n\t<meta name=\"twitter:data1\" content=\"1 minut\" \/>\n<script type=\"application\/ld+json\" class=\"yoast-schema-graph\">{\"@context\":\"https:\\\/\\\/schema.org\",\"@graph\":[{\"@type\":\"WebPage\",\"@id\":\"https:\\\/\\\/wameleon.com\\\/cart\\\/\",\"url\":\"https:\\\/\\\/wameleon.com\\\/cart\\\/\",\"name\":\"Cart &#8226; Wameleon Design\",\"isPartOf\":{\"@id\":\"https:\\\/\\\/wameleon.com\\\/#website\"},\"datePublished\":\"2020-07-27T08:28:09+00:00\",\"dateModified\":\"2024-05-30T06:44:33+00:00\",\"breadcrumb\":{\"@id\":\"https:\\\/\\\/wameleon.com\\\/cart\\\/#breadcrumb\"},\"inLanguage\":\"ro-RO\",\"potentialAction\":[{\"@type\":\"ReadAction\",\"target\":[\"https:\\\/\\\/wameleon.com\\\/cart\\\/\"]}]},{\"@type\":\"BreadcrumbList\",\"@id\":\"https:\\\/\\\/wameleon.com\\\/cart\\\/#breadcrumb\",\"itemListElement\":[{\"@type\":\"ListItem\",\"position\":1,\"name\":\"Home\",\"item\":\"https:\\\/\\\/wameleon.com\\\/\"},{\"@type\":\"ListItem\",\"position\":2,\"name\":\"Cart\"}]},{\"@type\":\"WebSite\",\"@id\":\"https:\\\/\\\/wameleon.com\\\/#website\",\"url\":\"https:\\\/\\\/wameleon.com\\\/\",\"name\":\"Wameleon Design\",\"description\":\"kezd\u0151- \u00e9s kisv\u00e1llalkoz\u00e1sok design partnere\",\"publisher\":{\"@id\":\"https:\\\/\\\/wameleon.com\\\/#organization\"},\"alternateName\":\"Wameleon\",\"potentialAction\":[{\"@type\":\"SearchAction\",\"target\":{\"@type\":\"EntryPoint\",\"urlTemplate\":\"https:\\\/\\\/wameleon.com\\\/?s={search_term_string}\"},\"query-input\":{\"@type\":\"PropertyValueSpecification\",\"valueRequired\":true,\"valueName\":\"search_term_string\"}}],\"inLanguage\":\"ro-RO\"},{\"@type\":\"Organization\",\"@id\":\"https:\\\/\\\/wameleon.com\\\/#organization\",\"name\":\"Wameleon Design\",\"alternateName\":\"Wameleon\",\"url\":\"https:\\\/\\\/wameleon.com\\\/\",\"logo\":{\"@type\":\"ImageObject\",\"inLanguage\":\"ro-RO\",\"@id\":\"https:\\\/\\\/wameleon.com\\\/#\\\/schema\\\/logo\\\/image\\\/\",\"url\":\"https:\\\/\\\/wameleon.com\\\/wp-content\\\/uploads\\\/2019\\\/04\\\/wameleon-black-logo.png\",\"contentUrl\":\"https:\\\/\\\/wameleon.com\\\/wp-content\\\/uploads\\\/2019\\\/04\\\/wameleon-black-logo.png\",\"width\":200,\"height\":58,\"caption\":\"Wameleon Design\"},\"image\":{\"@id\":\"https:\\\/\\\/wameleon.com\\\/#\\\/schema\\\/logo\\\/image\\\/\"},\"sameAs\":[\"https:\\\/\\\/facebook.com\\\/wameleondesign\",\"https:\\\/\\\/instagram.com\\\/wameleondesign\",\"https:\\\/\\\/www.youtube.com\\\/channel\\\/UCnzXT-F3GGCUciLCffEdXRA?view_as=subscriber\"]}]}<\/script>\n<!-- \/ Yoast SEO plugin. -->","yoast_head_json":{"title":"Cart &#8226; Wameleon Design","robots":{"index":"index","follow":"follow","max-snippet":"max-snippet:-1","max-image-preview":"max-image-preview:large","max-video-preview":"max-video-preview:-1"},"canonical":"https:\/\/wameleon.com\/ro\/cart\/","og_locale":"ro_RO","og_type":"article","og_title":"Cart &#8226; Wameleon Design","og_url":"https:\/\/wameleon.com\/ro\/cart\/","og_site_name":"Wameleon Design","article_publisher":"https:\/\/facebook.com\/wameleondesign","article_modified_time":"2024-05-30T06:44:33+00:00","og_image":[{"width":911,"height":553,"url":"https:\/\/wameleon.com\/wp-content\/uploads\/2019\/06\/Screenshot_7.png","type":"image\/png"}],"twitter_card":"summary_large_image","twitter_misc":{"Timp estimat pentru citire":"1 minut"},"schema":{"@context":"https:\/\/schema.org","@graph":[{"@type":"WebPage","@id":"https:\/\/wameleon.com\/cart\/","url":"https:\/\/wameleon.com\/cart\/","name":"Cart &#8226; Wameleon Design","isPartOf":{"@id":"https:\/\/wameleon.com\/#website"},"datePublished":"2020-07-27T08:28:09+00:00","dateModified":"2024-05-30T06:44:33+00:00","breadcrumb":{"@id":"https:\/\/wameleon.com\/cart\/#breadcrumb"},"inLanguage":"ro-RO","potentialAction":[{"@type":"ReadAction","target":["https:\/\/wameleon.com\/cart\/"]}]},{"@type":"BreadcrumbList","@id":"https:\/\/wameleon.com\/cart\/#breadcrumb","itemListElement":[{"@type":"ListItem","position":1,"name":"Home","item":"https:\/\/wameleon.com\/"},{"@type":"ListItem","position":2,"name":"Cart"}]},{"@type":"WebSite","@id":"https:\/\/wameleon.com\/#website","url":"https:\/\/wameleon.com\/","name":"Wameleon Design","description":"kezd\u0151- \u00e9s kisv\u00e1llalkoz\u00e1sok design partnere","publisher":{"@id":"https:\/\/wameleon.com\/#organization"},"alternateName":"Wameleon","potentialAction":[{"@type":"SearchAction","target":{"@type":"EntryPoint","urlTemplate":"https:\/\/wameleon.com\/?s={search_term_string}"},"query-input":{"@type":"PropertyValueSpecification","valueRequired":true,"valueName":"search_term_string"}}],"inLanguage":"ro-RO"},{"@type":"Organization","@id":"https:\/\/wameleon.com\/#organization","name":"Wameleon Design","alternateName":"Wameleon","url":"https:\/\/wameleon.com\/","logo":{"@type":"ImageObject","inLanguage":"ro-RO","@id":"https:\/\/wameleon.com\/#\/schema\/logo\/image\/","url":"https:\/\/wameleon.com\/wp-content\/uploads\/2019\/04\/wameleon-black-logo.png","contentUrl":"https:\/\/wameleon.com\/wp-content\/uploads\/2019\/04\/wameleon-black-logo.png","width":200,"height":58,"caption":"Wameleon Design"},"image":{"@id":"https:\/\/wameleon.com\/#\/schema\/logo\/image\/"},"sameAs":["https:\/\/facebook.com\/wameleondesign","https:\/\/instagram.com\/wameleondesign","https:\/\/www.youtube.com\/channel\/UCnzXT-F3GGCUciLCffEdXRA?view_as=subscriber"]}]}},"_links":{"self":[{"href":"https:\/\/wameleon.com\/ro\/wp-json\/wp\/v2\/pages\/1242","targetHints":{"allow":["GET"]}}],"collection":[{"href":"https:\/\/wameleon.com\/ro\/wp-json\/wp\/v2\/pages"}],"about":[{"href":"https:\/\/wameleon.com\/ro\/wp-json\/wp\/v2\/types\/page"}],"author":[{"embeddable":true,"href":"https:\/\/wameleon.com\/ro\/wp-json\/wp\/v2\/users\/1"}],"replies":[{"embeddable":true,"href":"https:\/\/wameleon.com\/ro\/wp-json\/wp\/v2\/comments?post=1242"}],"version-history":[{"count":0,"href":"https:\/\/wameleon.com\/ro\/wp-json\/wp\/v2\/pages\/1242\/revisions"}],"wp:attachment":[{"href":"https:\/\/wameleon.com\/ro\/wp-json\/wp\/v2\/media?parent=1242"}],"curies":[{"name":"wp","href":"https:\/\/api.w.org\/{rel}","templated":true}]}}